{"id":66,"date":"2020-04-14T15:47:15","date_gmt":"2020-04-14T18:47:15","guid":{"rendered":"http:\/\/localhost\/clarissa\/wp\/?page_id=66"},"modified":"2023-08-14T13:38:53","modified_gmt":"2023-08-14T16:38:53","slug":"atelier","status":"publish","type":"page","link":"https:\/\/www.clarissastrauss.com.br\/en\/atelier\/","title":{"rendered":"atelier"},"content":{"rendered":"<div class=\"wp-block-columns is-layout-flex wp-container-core-columns-is-layout-9d6595d7 wp-block-columns-is-layout-flex\">\n<div class=\"wp-block-column is-layout-flow wp-block-column-is-layout-flow\" style=\"flex-basis:33.33%\">\n<figure class=\"wp-block-image size-full\"><img loading=\"lazy\" decoding=\"async\" width=\"600\" height=\"852\" src=\"https:\/\/www.clarissastrauss.com.br\/homologacao\/wp-content\/uploads\/2023\/07\/foto_cla.png\" alt=\"\" class=\"wp-image-437\" srcset=\"https:\/\/www.clarissastrauss.com.br\/wp-content\/uploads\/2023\/07\/foto_cla.png 600w, https:\/\/www.clarissastrauss.com.br\/wp-content\/uploads\/2023\/07\/foto_cla-211x300.png 211w, https:\/\/www.clarissastrauss.com.br\/wp-content\/uploads\/2023\/07\/foto_cla-8x12.png 8w, https:\/\/www.clarissastrauss.com.br\/wp-content\/uploads\/2023\/07\/foto_cla-158x225.png 158w\" sizes=\"auto, (max-width: 600px) 100vw, 600px\" \/><\/figure>\n<\/div>\n\n\n\n<div class=\"wp-block-column is-layout-flow wp-block-column-is-layout-flow\" style=\"flex-basis:66.66%\">\n<h2>Meaningful, holistic, and conscious architecture<\/h2>\n<p>My name is Clarissa Strauss, I am an architect with over 30 years of experience, and I am passionate about my profession. It all started in 1989, when, after graduating in Architecture and Urbanism from PUC-Campinas, I started my career in a cultural heritage restoration laboratory and at the Augusto Romano Burelli architecture studio in the city of Udine, Italy \u2013 a country where I also I specialized in furniture design at the Politecnico di Milano. Back in Brazil, between 1993 and 2001, I worked as a coordinator for a large architectural office in S\u00e3o Paulo.<\/p>\n<p>Finally, in 2001, I created <b>Atelier Clarissa Strauss <\/b>and started to design projects that increasingly became more and more inspiring and sustainable, always seeking to open the doors to living well. Although the intuitive Feng Shui art has always been present in my work, it was from 2020, after attending courses, studies, and immersions that I began to apply this ancient wisdom with consistency, technique, and more effectiveness in creations.<\/p>\n<p>Today, I combine the Chinese discipline to my expertise in both residential and corporate projects, with aesthetic and functional balance, bringing more beauty, harmony and a positive impact to spaces and people's lives.<\/p>\n<blockquote>\n<p>\u201cI believe in an architecture connected with the whole. Inhabiting a space and feeling good in it is essential\u201d<\/p>\n<\/blockquote>\n<\/div>\n<\/div>\n\n\n<div class=\"box-premios\">\n<h3>awards<\/h3>\n<p>With years of experience, we have been recognized by some of the most important awards of architecture and interior design, such as Deca and Casa Cor.<\/p>\n<div class=\"row\">\n<div class=\"col-md-3\">\n<h4>Deca 2014<\/h4>\n<p>Winner Bath \u2013 Commercial Category 2014 \u2013 Regional and National<\/p>\n<p><a href=\"https:\/\/www.clarissastrauss.com.br\/en\/projetos\/escritorio-jk-1600\/\">view project<\/a><\/p>\n<\/div>\n<div class=\"col-md-3\">\n<h4>Decorar Magazine 2008<\/h4>\n<p>Professional of the Year Award<\/p>\n<\/div>\n<div class=\"col-md-3\">\n<h4>Casa Cor 2005<\/h4>\n<p>Bath winner of the show<\/p>\n<p><a href=\"https:\/\/www.clarissastrauss.com.br\/en\/projetos\/mostra-casa-cor-banheiro-dos-meninos-casa-de-praia\/\">view project<\/a><\/p>\n<\/div>\n<div class=\"col-md-3\">\n<h4>Deca 2005<\/h4>\n<p>Third place \u2013 2005 Exhibitions Category<\/p>\n<p><a href=\"https:\/\/www.clarissastrauss.com.br\/en\/projetos\/mostra-casa-cor-banheiro-dos-meninos-casa-de-praia\/\">view project<\/a><\/p>\n<\/div>\n<\/div>\n<\/div>\n\n\n<div class=\"wp-block-columns is-layout-flex wp-container-core-columns-is-layout-9d6595d7 wp-block-columns-is-layout-flex\">\n<div class=\"wp-block-column is-layout-flow wp-block-column-is-layout-flow\">\n<h2>the atelier<\/h2>\n<p class=\"translation-block\">Freedom of creation, excellence, innovation, sustainability, and health are essential pillars in the philosophy of my Atelier. To craft each project and solution, I work with a <strong>high degree of involvement and personalization with clients<\/strong>, always seeking harmony, beauty, timelessness, and well-being.<\/p>\n<p>In addition to each project design, I participate in all the decision-making to ensure that the Atelier's values are reflected in every detail, including the use of ethical materials and finishes, whenever possible avoiding using materials of animal origin and making sure the project execution has lower or null levels of toxicity. After all, this is a good way to increase the energy of environments and transform the world into a better and fairer place.<\/p>\n<\/div>\n\n\n\n<div class=\"wp-block-column is-layout-flow wp-block-column-is-layout-flow\">\n<h2>Courses and specializations<\/h2>\n<p>\u2022 Architecture and Urbanism |Pontifical Catholic University of Campinas [1989]<\/p>\n<p>\u2022 Furniture Design | Polytechnic of Milan | Italy [1991]<\/p>\n<p>\u2022 Thetahealing | Curso B\u00e1sico [2018]&gt;<\/p>\n<p>\u2022 Arte Textil 3D | Penland School of Crafts | USA [2018]&gt;<\/p>\n<p>\u2022 Medita\u00e7\u00e3o Mindfullness | M\u00e9todo Jon Kabat-Zinn | SP [2018]<\/p>\n<p>\u2022\u00a0Pranic Therapy | Courses: Basic, Advanced, Psychotherapy, Higher Soul, and Crystals | Master Choa Kok Sui [2018 to 2021]<\/p>\n<p>\u2022 Astrologia | Atma Institute [in\u00edcio 2019]<\/p>\n<p>\u2022 Feng Shui Pr\u00e2nico | Master Choa Kok Sui [2020]<\/p>\n<p>\u2022 Non Toxic &amp; Cruelty Free Design | VeganDesign.Org | USA [2022]<\/p>\n<p>\u2022 Casas Harmoniosas e Aplica\u00e7\u00e3o do Bagu\u00e1 | Silvana Occhialini [2022]<\/p>\n<p>\u2022 Radiestesia T\u00e9cnica | Escola Internacional de Radiestesia [2023]<\/p>\n<p>\u2022 FengShui N\u00edveis I, II e III| Instituto Brasileiro de Feng Shui [2023]<\/p>\n<\/div>\n<\/div>","protected":false},"excerpt":{"rendered":"<p>arquitetura com significado, hol\u00edstica e consciente Meu nome \u00e9 Clarissa Strauss, sou uma arquiteta com mais de 30 anos de experi\u00eancia e sinto grande paix\u00e3o pela minha profiss\u00e3o. Tudo come\u00e7ou em 1989, quando, ao me graduar em Arquitetura e Urbanismo pela PUC-Campinas, iniciei a minha carreira em um laborat\u00f3rio de restaura\u00e7\u00e3o do patrim\u00f4nio cultural e [&hellip;]<\/p>","protected":false},"author":2,"featured_media":437,"parent":0,"menu_order":0,"comment_status":"closed","ping_status":"closed","template":"templates\/atelier.php","meta":{"_acf_changed":false,"inline_featured_image":false,"footnotes":""},"class_list":["post-66","page","type-page","status-publish","has-post-thumbnail","hentry"],"acf":[],"_links":{"self":[{"href":"https:\/\/www.clarissastrauss.com.br\/en\/wp-json\/wp\/v2\/pages\/66","targetHints":{"allow":["GET"]}}],"collection":[{"href":"https:\/\/www.clarissastrauss.com.br\/en\/wp-json\/wp\/v2\/pages"}],"about":[{"href":"https:\/\/www.clarissastrauss.com.br\/en\/wp-json\/wp\/v2\/types\/page"}],"author":[{"embeddable":true,"href":"https:\/\/www.clarissastrauss.com.br\/en\/wp-json\/wp\/v2\/users\/2"}],"replies":[{"embeddable":true,"href":"https:\/\/www.clarissastrauss.com.br\/en\/wp-json\/wp\/v2\/comments?post=66"}],"version-history":[{"count":31,"href":"https:\/\/www.clarissastrauss.com.br\/en\/wp-json\/wp\/v2\/pages\/66\/revisions"}],"predecessor-version":[{"id":524,"href":"https:\/\/www.clarissastrauss.com.br\/en\/wp-json\/wp\/v2\/pages\/66\/revisions\/524"}],"wp:featuredmedia":[{"embeddable":true,"href":"https:\/\/www.clarissastrauss.com.br\/en\/wp-json\/wp\/v2\/media\/437"}],"wp:attachment":[{"href":"https:\/\/www.clarissastrauss.com.br\/en\/wp-json\/wp\/v2\/media?parent=66"}],"curies":[{"name":"wp","href":"https:\/\/api.w.org\/{rel}","templated":true}]}}