{"id":29,"date":"2020-04-14T12:42:57","date_gmt":"2020-04-14T15:42:57","guid":{"rendered":"http:\/\/localhost\/clarissa\/wp\/?page_id=29"},"modified":"2023-07-03T20:19:02","modified_gmt":"2023-07-03T23:19:02","slug":"arquitetura","status":"publish","type":"page","link":"https:\/\/www.clarissastrauss.com.br\/en\/projeto\/arquitetura\/","title":{"rendered":"architecture"},"content":{"rendered":"<p class=\"translation-block\">The development of architectural projects is one of the great passions of Atelier Clarissa Strauss. From the first sketches to its effective conception in the space, each of the proposals presented brings in its essence quality, creativity, customization and the technique acquired through years of experience in creating, transforming and harmonizing environments. With lines that balance form and function with the client's identity, aesthetics, ethics, health, and quality of life are priorities in all creations.<\/p>","protected":false},"excerpt":{"rendered":"<p>O desenvolvimento de projetos arquitet\u00f4nicos \u00e9 uma das grandes paix\u00f5es do Atelier Clarissa Strauss. Dos primeiros croquis at\u00e9 a sua concep\u00e7\u00e3o efetiva no espa\u00e7o, cada uma das propostas apresentadas traz em sua ess\u00eancia qualidade, criatividade, personaliza\u00e7\u00e3o e a t\u00e9cnica adquirida durante anos de experi\u00eancia em criar, transformar e harmonizar ambientes. Com linhas que equilibram forma [&hellip;]<\/p>","protected":false},"author":2,"featured_media":0,"parent":27,"menu_order":0,"comment_status":"closed","ping_status":"closed","template":"templates\/projetos.php","meta":{"_acf_changed":false,"inline_featured_image":false,"footnotes":""},"class_list":["post-29","page","type-page","status-publish","hentry"],"acf":[],"_links":{"self":[{"href":"https:\/\/www.clarissastrauss.com.br\/en\/wp-json\/wp\/v2\/pages\/29","targetHints":{"allow":["GET"]}}],"collection":[{"href":"https:\/\/www.clarissastrauss.com.br\/en\/wp-json\/wp\/v2\/pages"}],"about":[{"href":"https:\/\/www.clarissastrauss.com.br\/en\/wp-json\/wp\/v2\/types\/page"}],"author":[{"embeddable":true,"href":"https:\/\/www.clarissastrauss.com.br\/en\/wp-json\/wp\/v2\/users\/2"}],"replies":[{"embeddable":true,"href":"https:\/\/www.clarissastrauss.com.br\/en\/wp-json\/wp\/v2\/comments?post=29"}],"version-history":[{"count":11,"href":"https:\/\/www.clarissastrauss.com.br\/en\/wp-json\/wp\/v2\/pages\/29\/revisions"}],"predecessor-version":[{"id":475,"href":"https:\/\/www.clarissastrauss.com.br\/en\/wp-json\/wp\/v2\/pages\/29\/revisions\/475"}],"up":[{"embeddable":true,"href":"https:\/\/www.clarissastrauss.com.br\/en\/wp-json\/wp\/v2\/pages\/27"}],"wp:attachment":[{"href":"https:\/\/www.clarissastrauss.com.br\/en\/wp-json\/wp\/v2\/media?parent=29"}],"curies":[{"name":"wp","href":"https:\/\/api.w.org\/{rel}","templated":true}]}}