{"id":111,"date":"2020-04-16T09:59:50","date_gmt":"2020-04-16T12:59:50","guid":{"rendered":"http:\/\/localhost\/clarissa\/wp\/?page_id=111"},"modified":"2023-07-03T20:19:57","modified_gmt":"2023-07-03T23:19:57","slug":"internacionais","status":"publish","type":"page","link":"https:\/\/www.clarissastrauss.com.br\/en\/projeto\/internacionais\/","title":{"rendered":"international"},"content":{"rendered":"<p class=\"translation-block\"><strong>Atelier Clarissa Strauss<\/strong> portfolio includes residencies in the United States and Europe. To meet customers\u2019 demand for projects abroad, a network of local partners is coordinated to ensure the level of excellence cherished by the Atelier in each project. From the follow-up phase to delivery, positive results are possible thanks to this complete and reliable infrastructure.<\/p>","protected":false},"excerpt":{"rendered":"<p>O portf\u00f3lio do Atelier Clarissa Strauss inclui resid\u00eancias nos Estados Unidos e na Europa. Para atender a demanda dos clientes em projetos fora do pa\u00eds, uma rede de parceiros locais \u00e9 coordenada a fim de assegurar o n\u00edvel de excel\u00eancia prezado pelo Atelier em cada projeto. Desde a fase do acompanhamento at\u00e9 a entrega, os [&hellip;]<\/p>","protected":false},"author":2,"featured_media":0,"parent":27,"menu_order":0,"comment_status":"closed","ping_status":"closed","template":"templates\/projetos.php","meta":{"_acf_changed":false,"inline_featured_image":false,"footnotes":""},"class_list":["post-111","page","type-page","status-publish","hentry"],"acf":[],"_links":{"self":[{"href":"https:\/\/www.clarissastrauss.com.br\/en\/wp-json\/wp\/v2\/pages\/111","targetHints":{"allow":["GET"]}}],"collection":[{"href":"https:\/\/www.clarissastrauss.com.br\/en\/wp-json\/wp\/v2\/pages"}],"about":[{"href":"https:\/\/www.clarissastrauss.com.br\/en\/wp-json\/wp\/v2\/types\/page"}],"author":[{"embeddable":true,"href":"https:\/\/www.clarissastrauss.com.br\/en\/wp-json\/wp\/v2\/users\/2"}],"replies":[{"embeddable":true,"href":"https:\/\/www.clarissastrauss.com.br\/en\/wp-json\/wp\/v2\/comments?post=111"}],"version-history":[{"count":6,"href":"https:\/\/www.clarissastrauss.com.br\/en\/wp-json\/wp\/v2\/pages\/111\/revisions"}],"predecessor-version":[{"id":479,"href":"https:\/\/www.clarissastrauss.com.br\/en\/wp-json\/wp\/v2\/pages\/111\/revisions\/479"}],"up":[{"embeddable":true,"href":"https:\/\/www.clarissastrauss.com.br\/en\/wp-json\/wp\/v2\/pages\/27"}],"wp:attachment":[{"href":"https:\/\/www.clarissastrauss.com.br\/en\/wp-json\/wp\/v2\/media?parent=111"}],"curies":[{"name":"wp","href":"https:\/\/api.w.org\/{rel}","templated":true}]}}