{"id":108,"date":"2020-04-16T09:57:05","date_gmt":"2020-04-16T12:57:05","guid":{"rendered":"http:\/\/localhost\/clarissa\/wp\/?page_id=108"},"modified":"2023-07-03T20:19:27","modified_gmt":"2023-07-03T23:19:27","slug":"interiores","status":"publish","type":"page","link":"https:\/\/www.clarissastrauss.com.br\/en\/projeto\/interiores\/","title":{"rendered":"interiors"},"content":{"rendered":"<p>Conception of unique projects that mix high technical level, refined aesthetic sense, attention to the smallest details and kind choices, based on sustainability, non-animal cruelty and total respect for the environment and people. The finely tuned combination of colors, the sensations stimulated by well-chosen textures, the design of exclusive furniture and the curation of objects and works of art are part of the process of customizing and creating healthy and inspiring spaces.<\/p>","protected":false},"excerpt":{"rendered":"<p>Concep\u00e7\u00e3o de projetos \u00fanicos que mesclam alto n\u00edvel t\u00e9cnico, senso est\u00e9tico apurado, aten\u00e7\u00e3o aos m\u00ednimos detalhes e escolhas gentis, baseadas em sustentabilidade, n\u00e3o-crueldade animal e respeito ao meio ambiente e \u00e0s pessoas. A combina\u00e7\u00e3o afinada de cores, as sensa\u00e7\u00f5es estimuladas por texturas bem escolhidas, o desenho de m\u00f3veis exclusivos e a curadoria de objetos e [&hellip;]<\/p>","protected":false},"author":2,"featured_media":0,"parent":27,"menu_order":0,"comment_status":"closed","ping_status":"closed","template":"templates\/projetos.php","meta":{"_acf_changed":false,"inline_featured_image":false,"footnotes":""},"class_list":["post-108","page","type-page","status-publish","hentry"],"acf":[],"_links":{"self":[{"href":"https:\/\/www.clarissastrauss.com.br\/en\/wp-json\/wp\/v2\/pages\/108","targetHints":{"allow":["GET"]}}],"collection":[{"href":"https:\/\/www.clarissastrauss.com.br\/en\/wp-json\/wp\/v2\/pages"}],"about":[{"href":"https:\/\/www.clarissastrauss.com.br\/en\/wp-json\/wp\/v2\/types\/page"}],"author":[{"embeddable":true,"href":"https:\/\/www.clarissastrauss.com.br\/en\/wp-json\/wp\/v2\/users\/2"}],"replies":[{"embeddable":true,"href":"https:\/\/www.clarissastrauss.com.br\/en\/wp-json\/wp\/v2\/comments?post=108"}],"version-history":[{"count":6,"href":"https:\/\/www.clarissastrauss.com.br\/en\/wp-json\/wp\/v2\/pages\/108\/revisions"}],"predecessor-version":[{"id":477,"href":"https:\/\/www.clarissastrauss.com.br\/en\/wp-json\/wp\/v2\/pages\/108\/revisions\/477"}],"up":[{"embeddable":true,"href":"https:\/\/www.clarissastrauss.com.br\/en\/wp-json\/wp\/v2\/pages\/27"}],"wp:attachment":[{"href":"https:\/\/www.clarissastrauss.com.br\/en\/wp-json\/wp\/v2\/media?parent=108"}],"curies":[{"name":"wp","href":"https:\/\/api.w.org\/{rel}","templated":true}]}}